{"id":351,"date":"2009-04-19T00:07:51","date_gmt":"2009-04-18T22:07:51","guid":{"rendered":"http:\/\/mr-sandwich.com\/blog\/?page_id=351"},"modified":"2015-01-30T17:30:04","modified_gmt":"2015-01-30T16:30:04","slug":"les-blacks-en-costard","status":"publish","type":"page","link":"http:\/\/mr-sandwich.com\/blog\/?page_id=351","title":{"rendered":"Les Blacks en costard"},"content":{"rendered":"<p><center><b>Le Black en costard de Thibaud :<\/p>\n<p><img decoding=\"async\" src=\"images\/2009-04-19.1.jpg\" alt=\"\" \/><\/p>\n<p>Le Black en costard de <a href=\"http:\/\/killer036.canalblog.com\/\" target=\"_blank\">J\u00e9r\u00e9mi<\/a> :<\/p>\n<p><img decoding=\"async\" src=\"images\/2009-04-19.2.jpg\" alt=\"\" \/><\/p>\n<p>Le Black en costard d&rsquo;<a href=\"http:\/\/edwardzzenbd.blogspot.com\/\" target=\"_blank\">Edwardz<\/a> :<\/p>\n<p><img decoding=\"async\" src=\"images\/2009-04-19.3.jpg\" alt=\"\" \/><\/p>\n<p>Le Black en costard de Maurice Druon :<\/p>\n<p><img decoding=\"async\" src=\"images\/2009-04-19.4.jpg\" alt=\"\" \/><\/p>\n<p>Le deuxi\u00e8me Black en costard de <a href=\"http:\/\/killer036.canalblog.com\/\" target=\"_blank\">J\u00e9r\u00e9mi<\/a> :<\/p>\n<p><img decoding=\"async\" src=\"images\/2009-04-21.1.jpg\" alt=\"\" \/><\/p>\n<p>le Black en costard de <a href=\"http:\/\/le908me.blogspot.com\/\" target=\"_blank\">Victor<\/a> :<\/p>\n<p><img decoding=\"async\" src=\"images\/2009-04-21.2.jpg\" alt=\"\" \/><\/p>\n<p>Le Black en costard de <a href=\"http:\/\/bruno.ortolland.free.fr\/\" target=\"_blank\">Noss<\/a> :<\/p>\n<p><img decoding=\"async\" src=\"images\/2009-04-21.3.jpg\" alt=\"\" \/><\/p>\n<p>Le Black en Corse, tard, de <a href=\"http:\/\/rockalacasbah.kazeo.com\/\" target=\"_blank\">Benjamin<\/a> :<\/p>\n<p><img decoding=\"async\" src=\"images\/2009-04-23.1.jpg\" alt=\"\" \/><\/p>\n<p>Le Black en costard de Quentin :<\/p>\n<p><img decoding=\"async\" src=\"images\/2009-04-23.2.jpg\" alt=\"\" \/><\/p>\n<p>Le Black en costard de Candice :<\/p>\n<p><img decoding=\"async\" src=\"images\/2009-04-23.3.jpg\" alt=\"\" \/><\/p>\n<p>Le Black en costard de Margaux :<\/p>\n<p><img decoding=\"async\" src=\"images\/2009-05-05.1.jpg\" alt=\"\" \/><\/p>\n<p>Le Black en costard de Poupoute :<\/p>\n<p><img decoding=\"async\" src=\"images\/2009-05-05.2.jpg\" alt=\"\" \/><\/p>\n<p>Le Black en costard de Moumoute :<\/p>\n<p><img decoding=\"async\" src=\"images\/2009-05-05.3.jpg\" alt=\"\" \/><\/p>\n<p>Le Black en costard de St\u00e9phanie :<\/p>\n<p><img decoding=\"async\" src=\"images\/2009-05-05.4.jpg\" alt=\"\" \/><\/p>\n<p>Le Black en costard de <a href=\"http:\/\/lucky3d.canalblog.com\/\">Lucas<\/a> :<\/p>\n<p><img decoding=\"async\" src=\"images\/2009-05-05.5.jpg\" alt=\"\" \/><\/p>\n<p>Le Black en costard de <a href=\"http:\/\/youpibanane.blogspot.com\/\">Thomas<\/a> :<\/p>\n<p><img decoding=\"async\" src=\"images\/2009-05-05.6.jpg\" alt=\"\" \/><\/p>\n<p>Le deuxi\u00e8me Black en costard de Thibaud :<\/p>\n<p><img decoding=\"async\" src=\"images\/2009-05-05.7.jpg\" alt=\"\" \/><\/p>\n<p>Le Black en costard de William Gyselynck :<\/p>\n<p><img decoding=\"async\" src=\"images\/2009-10-01.1.jpg\" alt=\"\" \/><\/p>\n<p>Le Black en postcard de Thibaud :<\/p>\n<p><img decoding=\"async\" src=\"images\/2009-10-01.2.jpg\" alt=\"\" \/><\/p>\n<p>Le Black en costard de <a href=\"http:\/\/www.bouletcorp.com\" target\"_blank\">Boulet<\/a> :<\/p>\n<p><img decoding=\"async\" src=\"images\/2009-10-01.3.jpg\" alt=\"\" \/><\/p>\n<p>Le Black en costard de Paolo :<\/p>\n<p><img decoding=\"async\" src=\"images\/2010-01-22.1.jpg\" alt=\"\" \/><\/p>\n<p>Le deuxi\u00e8me Black en costard de Paolo :<\/p>\n<p><img decoding=\"async\" src=\"images\/2010-01-22.2.jpg\" alt=\"\" \/><\/p>\n<p>Le Black en costard de <a href=\"http:\/\/k035.over-blog.com\/\" target\"_blank\">Seb<\/a> :<\/p>\n<p><img decoding=\"async\" src=\"images\/2010-01-22.3.jpg\" alt=\"\" \/><\/p>\n<p>Le bloc en costard de <a href=\"http:\/\/k035.over-blog.com\/\" target\"_blank\">Seb<\/a> :<\/p>\n<p><img decoding=\"async\" src=\"images\/2010-01-22.4.jpg\" alt=\"\" \/><\/p>\n<p>Le Nigga en costard de <a href=\"http:\/\/lmandori.blogspot.com\/\" target\"_blank\">Lucas<\/a> :<\/p>\n<p><img decoding=\"async\" src=\"images\/2010-01-28.6.jpg\" alt=\"\" \/><\/p>\n<p>Le Black en costard impression 3D de ouf de Margaux :<\/p>\n<p><img decoding=\"async\" src=\"images\/2015-01-30.1.jpg\" alt=\"\" \/><\/p>\n<p><\/b><\/center><\/p>\n","protected":false},"excerpt":{"rendered":"<p>Le Black en costard de Thibaud : Le Black en costard de J\u00e9r\u00e9mi : Le Black en costard d&rsquo;Edwardz : Le Black en costard de Maurice Druon : Le deuxi\u00e8me Black en costard de J\u00e9r\u00e9mi : le Black en costard de Victor : Le Black en costard de Noss : Le Black en Corse, tard, [&hellip;]<\/p>\n","protected":false},"author":2,"featured_media":0,"parent":0,"menu_order":0,"comment_status":"open","ping_status":"open","template":"","meta":[],"_links":{"self":[{"href":"http:\/\/mr-sandwich.com\/blog\/index.php?rest_route=\/wp\/v2\/pages\/351"}],"collection":[{"href":"http:\/\/mr-sandwich.com\/blog\/index.php?rest_route=\/wp\/v2\/pages"}],"about":[{"href":"http:\/\/mr-sandwich.com\/blog\/index.php?rest_route=\/wp\/v2\/types\/page"}],"author":[{"embeddable":true,"href":"http:\/\/mr-sandwich.com\/blog\/index.php?rest_route=\/wp\/v2\/users\/2"}],"replies":[{"embeddable":true,"href":"http:\/\/mr-sandwich.com\/blog\/index.php?rest_route=%2Fwp%2Fv2%2Fcomments&post=351"}],"version-history":[{"count":2,"href":"http:\/\/mr-sandwich.com\/blog\/index.php?rest_route=\/wp\/v2\/pages\/351\/revisions"}],"predecessor-version":[{"id":862,"href":"http:\/\/mr-sandwich.com\/blog\/index.php?rest_route=\/wp\/v2\/pages\/351\/revisions\/862"}],"wp:attachment":[{"href":"http:\/\/mr-sandwich.com\/blog\/index.php?rest_route=%2Fwp%2Fv2%2Fmedia&parent=351"}],"curies":[{"name":"wp","href":"https:\/\/api.w.org\/{rel}","templated":true}]}}